{"id":51,"date":"2020-11-14T20:07:24","date_gmt":"2020-11-14T19:07:24","guid":{"rendered":"https:\/\/philart.info\/?page_id=51"},"modified":"2020-11-14T23:24:30","modified_gmt":"2020-11-14T22:24:30","slug":"impressum","status":"publish","type":"page","link":"https:\/\/philart.info\/en\/impressum\/","title":{"rendered":"Impressum"},"content":{"rendered":"<div data-elementor-type=\"wp-page\" data-elementor-id=\"51\" class=\"elementor elementor-51\">\n\t\t\t\t\t\t<section class=\"elementor-section elementor-top-section elementor-element elementor-element-1ae46bc elementor-section-boxed elementor-section-height-default elementor-section-height-default\" data-id=\"1ae46bc\" data-element_type=\"section\" data-e-type=\"section\">\n\t\t\t\t\t\t<div class=\"elementor-container elementor-column-gap-default\">\n\t\t\t\t\t<div class=\"elementor-column elementor-col-100 elementor-top-column elementor-element elementor-element-4e007b2\" data-id=\"4e007b2\" data-element_type=\"column\" data-e-type=\"column\">\n\t\t\t<div class=\"elementor-widget-wrap elementor-element-populated\">\n\t\t\t\t\t\t<div class=\"elementor-element elementor-element-c983873 elementor-widget elementor-widget-heading\" data-id=\"c983873\" data-element_type=\"widget\" data-e-type=\"widget\" data-widget_type=\"heading.default\">\n\t\t\t\t<div class=\"elementor-widget-container\">\n\t\t\t\t\t<h2 class=\"elementor-heading-title elementor-size-default\">Impressum<\/h2>\t\t\t\t<\/div>\n\t\t\t\t<\/div>\n\t\t\t\t<div class=\"elementor-element elementor-element-2643af4 elementor-widget elementor-widget-text-editor\" data-id=\"2643af4\" data-element_type=\"widget\" data-e-type=\"widget\" data-widget_type=\"text-editor.default\">\n\t\t\t\t<div class=\"elementor-widget-container\">\n\t\t\t\t\t\t\t\t\t<p><span style=\"color: #00000; font-family: verdana; font-size: small;\">Philipp Eggersgl\u00fc\u00df<br \/>Dunkelberggang 3<br \/>30449 Hannover<br \/><br \/>E-Mail:\u00a0<span style=\"color: #3b85b8;\"><a style=\"color: #3b85b8;\" href=\"mailto:kontakt@philart.info\">kontakt@philart.info<\/a><\/span><br \/>Tel.: 0511 96 94 835<br \/><br \/><\/span><\/p><p>Inhaltlich Verantwortlicher gem\u00e4\u00df \u00a7 5 TMG\/\u00a7 55 II RStV:<br \/>Philipp Eggersgl\u00fc\u00df<br \/>(Anschrift wie oben)<\/p><p><br \/><span style=\"font-family: verdana; font-size: medium; color: #3b85b8;\"><b>Haftungsausschluss<\/b><\/span><br \/><br \/><\/p><p><span style=\"color: #3b85b8;\"><strong>Haftung f\u00fcr Inhalte<\/strong><\/span><\/p><p>Als Diensteanbieter bin ich gem\u00e4\u00df \u00a7 7 Abs.1 TMG f\u00fcr eigene Inhalte auf diesen Seiten nach den allgemeinen Gesetzen verantwortlich. Nach \u00a7\u00a7 8 bis 10 TMG bin ich als Diensteanbieter jedoch nicht verpflichtet, \u00fcbermittelte oder gespeicherte fremde Informationen zu \u00fcberwachen oder nach Umst\u00e4nden zu forschen, die auf eine rechtswidrige T\u00e4tigkeit hinweisen. Verpflichtungen zur Entfernung oder Sperrung der Nutzung von Informationen nach den allgemeinen Gesetzen bleiben hiervon unber\u00fchrt. Eine diesbez\u00fcgliche Haftung ist jedoch erst ab dem Zeitpunkt der Kenntnis einer konkreten Rechtsverletzung m\u00f6glich. Bei Bekanntwerden von entsprechenden Rechtsverletzungen werde ich diese Inhalte umgehend entfernen.<\/p><p><span style=\"font-family: verdana; font-size: small;\">\u00a0<\/span><\/p><p><span style=\"color: #3b85b8;\"><strong>Haftung f\u00fcr Links<\/strong><\/span><\/p><p>Mein Angebot enth\u00e4lt Links zu externen Webseiten Dritter, auf deren Inhalte ich keinen Einfluss habe. Deshalb kann ich f\u00fcr diese fremden Inhalte auch keine Gew\u00e4hr \u00fcbernehmen. F\u00fcr die Inhalte der verlinkten Seiten ist stets der jeweilige Anbieter oder Betreiber der Seiten verantwortlich. Die verlinkten Seiten wurden zum Zeitpunkt der Verlinkung auf m\u00f6gliche Rechtsverst\u00f6\u00dfe \u00fcberpr\u00fcft. Rechtswidrige Inhalte waren zum Zeitpunkt der Verlinkung nicht erkennbar. Eine permanente inhaltliche Kontrolle der verlinkten Seiten ist jedoch ohne konkrete Anhaltspunkte einer Rechtsverletzung nicht zumutbar. Bei Bekanntwerden von Rechtsverletzungen werde ich derartige Links umgehend entfernen.<\/p><p><span style=\"color: #3b85b8;\"><strong>Urheberrecht<\/strong><\/span><\/p><p>Die durch den Seitenbetreiber erstellten Inhalte und Werke auf diesen Seiten unterliegen dem deutschen Urheberrecht. Die Vervielf\u00e4ltigung, Bearbeitung, Verbreitung und jede Art der Verwertung au\u00dferhalb der Grenzen des Urheberrechtes bed\u00fcrfen der schriftlichen Zustimmung des jeweiligen Autors bzw. Erstellers. Downloads und Kopien dieser Seite sind nur f\u00fcr den privaten, nicht kommerziellen Gebrauch gestattet. Soweit die Inhalte auf dieser Seite nicht vom Betreiber erstellt wurden, werden die Urheberrechte Dritter beachtet. Insbesondere werden Inhalte Dritter als solche gekennzeichnet. Sollten Sie trotzdem auf eine Urheberrechtsverletzung aufmerksam werden, bitte ich um einen entsprechenden Hinweis. Bei Bekanntwerden von Rechtsverletzungen werde ich derartige Inhalte umgehend entfernen.<\/p>\t\t\t\t\t\t\t\t<\/div>\n\t\t\t\t<\/div>\n\t\t\t\t\t<\/div>\n\t\t<\/div>\n\t\t\t\t\t<\/div>\n\t\t<\/section>\n\t\t\t\t<\/div>","protected":false},"excerpt":{"rendered":"<p>Impressum Philipp Eggersgl\u00fc\u00dfDunkelberggang 330449 Hannover E-Mail:\u00a0kontakt@philart.infoTel.: 0511 96 94 835 Inhaltlich Verantwortlicher gem\u00e4\u00df \u00a7 5 TMG\/\u00a7 55 II RStV:Philipp Eggersgl\u00fc\u00df(Anschrift wie oben) Haftungsausschluss Haftung f\u00fcr Inhalte Als Diensteanbieter bin ich gem\u00e4\u00df \u00a7 7 Abs.1 TMG f\u00fcr eigene Inhalte auf diesen Seiten nach den allgemeinen Gesetzen [&hellip;]<\/p>\n","protected":false},"author":1,"featured_media":0,"parent":0,"menu_order":0,"comment_status":"closed","ping_status":"closed","template":"elementor_header_footer","meta":{"footnotes":""},"class_list":["post-51","page","type-page","status-publish","hentry"],"_links":{"self":[{"href":"https:\/\/philart.info\/en\/wp-json\/wp\/v2\/pages\/51","targetHints":{"allow":["GET"]}}],"collection":[{"href":"https:\/\/philart.info\/en\/wp-json\/wp\/v2\/pages"}],"about":[{"href":"https:\/\/philart.info\/en\/wp-json\/wp\/v2\/types\/page"}],"author":[{"embeddable":true,"href":"https:\/\/philart.info\/en\/wp-json\/wp\/v2\/users\/1"}],"replies":[{"embeddable":true,"href":"https:\/\/philart.info\/en\/wp-json\/wp\/v2\/comments?post=51"}],"version-history":[{"count":7,"href":"https:\/\/philart.info\/en\/wp-json\/wp\/v2\/pages\/51\/revisions"}],"predecessor-version":[{"id":308,"href":"https:\/\/philart.info\/en\/wp-json\/wp\/v2\/pages\/51\/revisions\/308"}],"wp:attachment":[{"href":"https:\/\/philart.info\/en\/wp-json\/wp\/v2\/media?parent=51"}],"curies":[{"name":"wp","href":"https:\/\/api.w.org\/{rel}","templated":true}]}}